{"id":9447,"date":"2025-09-24T13:56:42","date_gmt":"2025-09-24T13:56:42","guid":{"rendered":"https:\/\/mlw.pt\/?post_type=product&#038;p=9447"},"modified":"2026-03-01T11:53:33","modified_gmt":"2026-03-01T11:53:33","slug":"proibido-olival-centenario","status":"publish","type":"product","link":"https:\/\/mlw.pt\/en\/product\/proibido-olival-centenario\/","title":{"rendered":"Azeite Proibido Olival Centen\u00e1rio"},"content":{"rendered":"<p data-start=\"387\" data-end=\"566\">Produzido a partir de oliveiras centen\u00e1rias do <strong data-start=\"434\" data-end=\"465\">Vale do Rio Torto, no Douro<\/strong>, este azeite virgem extra \u00e9 prensado a frio, preservando toda a frescura e autenticidade do fruto.<\/p>\n<p data-start=\"568\" data-end=\"766\">De aroma delicado e notas verdes elegantes, revela uma textura macia e equilibrada, capaz de real\u00e7ar a pureza dos pratos mais simples e a sofistica\u00e7\u00e3o das combina\u00e7\u00f5es gastron\u00f3micas mais exigentes.<\/p>\n<p data-start=\"768\" data-end=\"926\">Tal como nos vinhos, tamb\u00e9m aqui se mant\u00e9m a filosofia de respeito pela terra e pela tradi\u00e7\u00e3o, resultando num azeite que traduz a identidade \u00fanica do Douro.<\/p>\n<p data-start=\"928\" data-end=\"1022\"><strong data-start=\"928\" data-end=\"946\">Acidez m\u00e1xima:<\/strong> 0,6%<br data-start=\"951\" data-end=\"954\" \/><strong data-start=\"954\" data-end=\"990\">Dispon\u00edvel em garrafas de 500 ml<\/strong><br data-start=\"990\" data-end=\"993\" \/><strong data-start=\"993\" data-end=\"1006\">Colheita:<\/strong> Dezembro 2024<\/p>","protected":false},"excerpt":{"rendered":"<p>Azeite Virgem Extra premium do Douro, proveniente de oliveiras centen\u00e1rias do Vale do Rio Torto. Prensado a frio e obtido apenas por processos mec\u00e2nicos, com acidez m\u00e1xima de 0,6%.<\/p>","protected":false},"featured_media":9495,"comment_status":"open","ping_status":"closed","template":"","meta":{"content-type":""},"product_brand":[],"product_cat":[26],"product_tag":[35],"class_list":{"0":"post-9447","1":"product","2":"type-product","3":"status-publish","4":"has-post-thumbnail","6":"product_cat-proibido","7":"product_tag-douro","9":"first","10":"instock","11":"shipping-taxable","12":"purchasable","13":"product-type-variable"},"yoast_head":"<!-- This site is optimized with the Yoast SEO plugin v27.4 - https:\/\/yoast.com\/product\/yoast-seo-wordpress\/ -->\n<title>Azeite Proibido Olival Centen\u00e1rio - M\u00e1rcio Lopes Winemaker<\/title>\n<meta name=\"robots\" content=\"index, follow, max-snippet:-1, max-image-preview:large, max-video-preview:-1\" \/>\n<link rel=\"canonical\" href=\"https:\/\/mlw.pt\/en\/product\/proibido-olival-centenario\/\" \/>\n<meta property=\"og:locale\" content=\"en_GB\" \/>\n<meta property=\"og:type\" content=\"article\" \/>\n<meta property=\"og:title\" content=\"Azeite Proibido Olival Centen\u00e1rio - M\u00e1rcio Lopes Winemaker\" \/>\n<meta property=\"og:description\" content=\"Azeite Virgem Extra premium do Douro, proveniente de oliveiras centen\u00e1rias do Vale do Rio Torto. Prensado a frio e obtido apenas por processos mec\u00e2nicos, com acidez m\u00e1xima de 0,6%.\" \/>\n<meta property=\"og:url\" content=\"https:\/\/mlw.pt\/en\/product\/proibido-olival-centenario\/\" \/>\n<meta property=\"og:site_name\" content=\"M\u00e1rcio Lopes Winemaker\" \/>\n<meta property=\"article:publisher\" content=\"https:\/\/www.facebook.com\/marciolopeswinemaker?locale=pt_PT\" \/>\n<meta property=\"article:modified_time\" content=\"2026-03-01T11:53:33+00:00\" \/>\n<meta property=\"og:image\" content=\"https:\/\/mlw.pt\/wp-content\/uploads\/2025\/10\/WhatsApp-Image-2025-10-13-at-10.55.07.jpeg\" \/>\n\t<meta property=\"og:image:width\" content=\"1201\" \/>\n\t<meta property=\"og:image:height\" content=\"1600\" \/>\n\t<meta property=\"og:image:type\" content=\"image\/jpeg\" \/>\n<meta name=\"twitter:card\" content=\"summary_large_image\" \/>\n<meta name=\"twitter:label1\" content=\"Estimated reading time\" \/>\n\t<meta name=\"twitter:data1\" content=\"1 minute\" \/>\n<script type=\"application\/ld+json\" class=\"yoast-schema-graph\">{\"@context\":\"https:\\\/\\\/schema.org\",\"@graph\":[{\"@type\":\"WebPage\",\"@id\":\"https:\\\/\\\/mlw.pt\\\/produto\\\/proibido-olival-centenario\\\/\",\"url\":\"https:\\\/\\\/mlw.pt\\\/produto\\\/proibido-olival-centenario\\\/\",\"name\":\"Azeite Proibido Olival Centen\u00e1rio - M\u00e1rcio Lopes Winemaker\",\"isPartOf\":{\"@id\":\"https:\\\/\\\/mlw.pt\\\/#website\"},\"primaryImageOfPage\":{\"@id\":\"https:\\\/\\\/mlw.pt\\\/produto\\\/proibido-olival-centenario\\\/#primaryimage\"},\"image\":{\"@id\":\"https:\\\/\\\/mlw.pt\\\/produto\\\/proibido-olival-centenario\\\/#primaryimage\"},\"thumbnailUrl\":\"https:\\\/\\\/mlw.pt\\\/wp-content\\\/uploads\\\/2025\\\/10\\\/WhatsApp-Image-2025-10-13-at-10.55.07.jpeg\",\"datePublished\":\"2025-09-24T13:56:42+00:00\",\"dateModified\":\"2026-03-01T11:53:33+00:00\",\"breadcrumb\":{\"@id\":\"https:\\\/\\\/mlw.pt\\\/produto\\\/proibido-olival-centenario\\\/#breadcrumb\"},\"inLanguage\":\"en-GB\",\"potentialAction\":[{\"@type\":\"ReadAction\",\"target\":[\"https:\\\/\\\/mlw.pt\\\/produto\\\/proibido-olival-centenario\\\/\"]}]},{\"@type\":\"ImageObject\",\"inLanguage\":\"en-GB\",\"@id\":\"https:\\\/\\\/mlw.pt\\\/produto\\\/proibido-olival-centenario\\\/#primaryimage\",\"url\":\"https:\\\/\\\/mlw.pt\\\/wp-content\\\/uploads\\\/2025\\\/10\\\/WhatsApp-Image-2025-10-13-at-10.55.07.jpeg\",\"contentUrl\":\"https:\\\/\\\/mlw.pt\\\/wp-content\\\/uploads\\\/2025\\\/10\\\/WhatsApp-Image-2025-10-13-at-10.55.07.jpeg\",\"width\":1201,\"height\":1600},{\"@type\":\"BreadcrumbList\",\"@id\":\"https:\\\/\\\/mlw.pt\\\/produto\\\/proibido-olival-centenario\\\/#breadcrumb\",\"itemListElement\":[{\"@type\":\"ListItem\",\"position\":1,\"name\":\"In\u00edcio\",\"item\":\"https:\\\/\\\/mlw.pt\\\/\"},{\"@type\":\"ListItem\",\"position\":2,\"name\":\"Loja\",\"item\":\"https:\\\/\\\/mlw.pt\\\/loja\\\/\"},{\"@type\":\"ListItem\",\"position\":3,\"name\":\"Azeite Proibido Olival Centen\u00e1rio\"}]},{\"@type\":\"WebSite\",\"@id\":\"https:\\\/\\\/mlw.pt\\\/#website\",\"url\":\"https:\\\/\\\/mlw.pt\\\/\",\"name\":\"M\u00e1rcio Lopes Winemaker\",\"description\":\"M\u00e1rcio Lopes Winemaker\",\"publisher\":{\"@id\":\"https:\\\/\\\/mlw.pt\\\/#organization\"},\"potentialAction\":[{\"@type\":\"SearchAction\",\"target\":{\"@type\":\"EntryPoint\",\"urlTemplate\":\"https:\\\/\\\/mlw.pt\\\/?s={search_term_string}\"},\"query-input\":{\"@type\":\"PropertyValueSpecification\",\"valueRequired\":true,\"valueName\":\"search_term_string\"}}],\"inLanguage\":\"en-GB\"},{\"@type\":\"Organization\",\"@id\":\"https:\\\/\\\/mlw.pt\\\/#organization\",\"name\":\"M\u00e1rcio Lopes Winemaker\",\"url\":\"https:\\\/\\\/mlw.pt\\\/\",\"logo\":{\"@type\":\"ImageObject\",\"inLanguage\":\"en-GB\",\"@id\":\"https:\\\/\\\/mlw.pt\\\/#\\\/schema\\\/logo\\\/image\\\/\",\"url\":\"https:\\\/\\\/mlw.pt\\\/wp-content\\\/uploads\\\/2025\\\/01\\\/MLW-logo.png\",\"contentUrl\":\"https:\\\/\\\/mlw.pt\\\/wp-content\\\/uploads\\\/2025\\\/01\\\/MLW-logo.png\",\"width\":495,\"height\":150,\"caption\":\"M\u00e1rcio Lopes Winemaker\"},\"image\":{\"@id\":\"https:\\\/\\\/mlw.pt\\\/#\\\/schema\\\/logo\\\/image\\\/\"},\"sameAs\":[\"https:\\\/\\\/www.facebook.com\\\/marciolopeswinemaker?locale=pt_PT\",\"https:\\\/\\\/www.instagram.com\\\/marcio.lopes.winemaker\\\/\"]}]}<\/script>\n<!-- \/ Yoast SEO plugin. -->","yoast_head_json":{"title":"Azeite Proibido Olival Centen\u00e1rio - M\u00e1rcio Lopes Winemaker","robots":{"index":"index","follow":"follow","max-snippet":"max-snippet:-1","max-image-preview":"max-image-preview:large","max-video-preview":"max-video-preview:-1"},"canonical":"https:\/\/mlw.pt\/en\/product\/proibido-olival-centenario\/","og_locale":"en_GB","og_type":"article","og_title":"Azeite Proibido Olival Centen\u00e1rio - M\u00e1rcio Lopes Winemaker","og_description":"Azeite Virgem Extra premium do Douro, proveniente de oliveiras centen\u00e1rias do Vale do Rio Torto. Prensado a frio e obtido apenas por processos mec\u00e2nicos, com acidez m\u00e1xima de 0,6%.","og_url":"https:\/\/mlw.pt\/en\/product\/proibido-olival-centenario\/","og_site_name":"M\u00e1rcio Lopes Winemaker","article_publisher":"https:\/\/www.facebook.com\/marciolopeswinemaker?locale=pt_PT","article_modified_time":"2026-03-01T11:53:33+00:00","og_image":[{"width":1201,"height":1600,"url":"https:\/\/mlw.pt\/wp-content\/uploads\/2025\/10\/WhatsApp-Image-2025-10-13-at-10.55.07.jpeg","type":"image\/jpeg"}],"twitter_card":"summary_large_image","twitter_misc":{"Estimated reading time":"1 minute"},"schema":{"@context":"https:\/\/schema.org","@graph":[{"@type":"WebPage","@id":"https:\/\/mlw.pt\/produto\/proibido-olival-centenario\/","url":"https:\/\/mlw.pt\/produto\/proibido-olival-centenario\/","name":"Azeite Proibido Olival Centen\u00e1rio - M\u00e1rcio Lopes Winemaker","isPartOf":{"@id":"https:\/\/mlw.pt\/#website"},"primaryImageOfPage":{"@id":"https:\/\/mlw.pt\/produto\/proibido-olival-centenario\/#primaryimage"},"image":{"@id":"https:\/\/mlw.pt\/produto\/proibido-olival-centenario\/#primaryimage"},"thumbnailUrl":"https:\/\/mlw.pt\/wp-content\/uploads\/2025\/10\/WhatsApp-Image-2025-10-13-at-10.55.07.jpeg","datePublished":"2025-09-24T13:56:42+00:00","dateModified":"2026-03-01T11:53:33+00:00","breadcrumb":{"@id":"https:\/\/mlw.pt\/produto\/proibido-olival-centenario\/#breadcrumb"},"inLanguage":"en-GB","potentialAction":[{"@type":"ReadAction","target":["https:\/\/mlw.pt\/produto\/proibido-olival-centenario\/"]}]},{"@type":"ImageObject","inLanguage":"en-GB","@id":"https:\/\/mlw.pt\/produto\/proibido-olival-centenario\/#primaryimage","url":"https:\/\/mlw.pt\/wp-content\/uploads\/2025\/10\/WhatsApp-Image-2025-10-13-at-10.55.07.jpeg","contentUrl":"https:\/\/mlw.pt\/wp-content\/uploads\/2025\/10\/WhatsApp-Image-2025-10-13-at-10.55.07.jpeg","width":1201,"height":1600},{"@type":"BreadcrumbList","@id":"https:\/\/mlw.pt\/produto\/proibido-olival-centenario\/#breadcrumb","itemListElement":[{"@type":"ListItem","position":1,"name":"In\u00edcio","item":"https:\/\/mlw.pt\/"},{"@type":"ListItem","position":2,"name":"Loja","item":"https:\/\/mlw.pt\/loja\/"},{"@type":"ListItem","position":3,"name":"Azeite Proibido Olival Centen\u00e1rio"}]},{"@type":"WebSite","@id":"https:\/\/mlw.pt\/#website","url":"https:\/\/mlw.pt\/","name":"M\u00e1rcio Lopes Winemaker","description":"M\u00e1rcio Lopes Winemaker","publisher":{"@id":"https:\/\/mlw.pt\/#organization"},"potentialAction":[{"@type":"SearchAction","target":{"@type":"EntryPoint","urlTemplate":"https:\/\/mlw.pt\/?s={search_term_string}"},"query-input":{"@type":"PropertyValueSpecification","valueRequired":true,"valueName":"search_term_string"}}],"inLanguage":"en-GB"},{"@type":"Organization","@id":"https:\/\/mlw.pt\/#organization","name":"M\u00e1rcio Lopes Winemaker","url":"https:\/\/mlw.pt\/","logo":{"@type":"ImageObject","inLanguage":"en-GB","@id":"https:\/\/mlw.pt\/#\/schema\/logo\/image\/","url":"https:\/\/mlw.pt\/wp-content\/uploads\/2025\/01\/MLW-logo.png","contentUrl":"https:\/\/mlw.pt\/wp-content\/uploads\/2025\/01\/MLW-logo.png","width":495,"height":150,"caption":"M\u00e1rcio Lopes Winemaker"},"image":{"@id":"https:\/\/mlw.pt\/#\/schema\/logo\/image\/"},"sameAs":["https:\/\/www.facebook.com\/marciolopeswinemaker?locale=pt_PT","https:\/\/www.instagram.com\/marcio.lopes.winemaker\/"]}]}},"_links":{"self":[{"href":"https:\/\/mlw.pt\/en\/wp-json\/wp\/v2\/product\/9447","targetHints":{"allow":["GET"]}}],"collection":[{"href":"https:\/\/mlw.pt\/en\/wp-json\/wp\/v2\/product"}],"about":[{"href":"https:\/\/mlw.pt\/en\/wp-json\/wp\/v2\/types\/product"}],"replies":[{"embeddable":true,"href":"https:\/\/mlw.pt\/en\/wp-json\/wp\/v2\/comments?post=9447"}],"wp:featuredmedia":[{"embeddable":true,"href":"https:\/\/mlw.pt\/en\/wp-json\/wp\/v2\/media\/9495"}],"wp:attachment":[{"href":"https:\/\/mlw.pt\/en\/wp-json\/wp\/v2\/media?parent=9447"}],"wp:term":[{"taxonomy":"product_brand","embeddable":true,"href":"https:\/\/mlw.pt\/en\/wp-json\/wp\/v2\/product_brand?post=9447"},{"taxonomy":"product_cat","embeddable":true,"href":"https:\/\/mlw.pt\/en\/wp-json\/wp\/v2\/product_cat?post=9447"},{"taxonomy":"product_tag","embeddable":true,"href":"https:\/\/mlw.pt\/en\/wp-json\/wp\/v2\/product_tag?post=9447"}],"curies":[{"name":"wp","href":"https:\/\/api.w.org\/{rel}","templated":true}]}}