{"id":4263,"date":"2021-03-21T12:05:23","date_gmt":"2021-03-21T12:05:23","guid":{"rendered":"https:\/\/mlw.pt\/?post_type=product&#038;p=4263"},"modified":"2026-04-27T15:54:09","modified_gmt":"2026-04-27T15:54:09","slug":"pequenos-rebentos-selvagem-2021","status":"publish","type":"product","link":"https:\/\/mlw.pt\/en\/product\/pequenos-rebentos-selvagem-2021\/","title":{"rendered":"Pequenos Rebentos Selvagem 2022"},"content":{"rendered":"<p style=\"text-align: justify;\"><strong>Vinifica\u00e7\u00e3o:<\/strong> Ap\u00f3s vindima manual com ajuda de escadotes e transporte para a adega em pequenas caixas (18kg-20kg), os cachos foram desenga\u00e7ados bago a bago para um pequeno lagar, pisados a p\u00e9 e depois fermentaram em \u00e2nfora com leveduras ind\u00edgenas. Seguiu-se uma prensagem ligeira e est\u00e1gio com as borras totais em barricas usadas. <strong>Notas de Prova:<\/strong> Vinho de cor amarelada com aroma intenso, toques de palha e citrino. Vinho vibrante na boca com excelente acidez. A fruta do nariz \u00e9 acompanhada muito bem at\u00e9 \u00e0 boca. Fim longo e persistente com nuances minerais. <strong>Harmoniza\u00e7\u00e3o e longevidade:<\/strong> Peixes gordos, carnes brancas e grelhados, \u00e0 temperatura de 12\u00baC. Pode ser consumido de imediato ou nos pr\u00f3ximos 10 a 20 anos, desde que guardado deitado num local fresco e seco, ao abrigo da luz e sem oscila\u00e7\u00f5es de temperatura.<\/p>","protected":false},"excerpt":{"rendered":"<p style=\"text-align: justify;\">De um sistema de viticultura que cresce pelas \u00e1rvores e que chega quase aos 7 metros de altura, resulta este vinho. (<a href=\"https:\/\/mlw.pt\/en\/regiao-moncao-e-melgaco\/pequenos-rebentos-selvagem-pt\/\">consultar o portf\u00f3lio<\/a>)<br \/>\nProdutor\/En\u00f3logo: M\u00e1rcio L\u00edvio Duarte Lopes<\/p>\n<p>&nbsp;<\/p>\n<p>What the critics say:\n18,5 pts (0-20)_Paix\u00e3o pelo Vinho Magazine<\/p>\n<p><span class=\"a_GcMg font-feature-liga-off font-feature-clig-off font-feature-calt-off text-decoration-none text-strikethrough-none\"><strong>94 pts<\/strong> (0-100)<\/span><span class=\"a_GcMg font-feature-liga-off font-feature-clig-off font-feature-calt-off text-decoration-none text-strikethrough-none\">_James Suckling<\/span><\/p>\n<p><strong>93 pts<\/strong>\u00a0(0-100)_Robert Parker_Wine Advocate<br \/>\n<strong>93 pts<\/strong> (0-20)_Melhores do Ano 2024_Melhores 30 Vinhos do Ano 2023_ Revista de Vinhos<br \/>\n<strong>19 pts<\/strong> (0-20)_Pr\u00e9mio de Prest\u00edgio_Revista Paix\u00e3o Pelo Vinho<br \/>\n<strong>18 pts<\/strong> (0-20)_Melhores do Ano 2024_Revista Grandes Escolhas<\/p>\n<p>&nbsp;<\/p>","protected":false},"featured_media":7366,"comment_status":"open","ping_status":"closed","template":"","meta":{"content-type":""},"product_brand":[],"product_cat":[16],"product_tag":[24,32,31],"class_list":{"0":"post-4263","1":"product","2":"type-product","3":"status-publish","4":"has-post-thumbnail","6":"product_cat-pequenos-rebentos","7":"product_tag-branco","8":"product_tag-edicao-especial","9":"product_tag-vinho-verde","11":"first","12":"instock","13":"sold-individually","14":"shipping-taxable","15":"purchasable","16":"product-type-simple"},"yoast_head":"<!-- This site is optimized with the Yoast SEO plugin v27.5 - https:\/\/yoast.com\/product\/yoast-seo-wordpress\/ -->\n<title>Pequenos Rebentos Selvagem 2022 - M\u00e1rcio Lopes Winemaker<\/title>\n<meta name=\"description\" content=\"De um sistema de viticultura que cresce pelas \u00e1rvores e que chega quase aos 7 metros de altura, resulta este vinho.\" \/>\n<meta name=\"robots\" content=\"index, follow, max-snippet:-1, max-image-preview:large, max-video-preview:-1\" \/>\n<link rel=\"canonical\" href=\"https:\/\/mlw.pt\/en\/product\/pequenos-rebentos-selvagem-2021\/\" \/>\n<meta property=\"og:locale\" content=\"en_GB\" \/>\n<meta property=\"og:type\" content=\"article\" \/>\n<meta property=\"og:title\" content=\"Pequenos Rebentos Selvagem 2022 - M\u00e1rcio Lopes Winemaker\" \/>\n<meta property=\"og:description\" content=\"De um sistema de viticultura que cresce pelas \u00e1rvores e que chega quase aos 7 metros de altura, resulta este vinho.\" \/>\n<meta property=\"og:url\" content=\"https:\/\/mlw.pt\/en\/product\/pequenos-rebentos-selvagem-2021\/\" \/>\n<meta property=\"og:site_name\" content=\"M\u00e1rcio Lopes Winemaker\" \/>\n<meta property=\"article:publisher\" content=\"https:\/\/www.facebook.com\/marciolopeswinemaker?locale=pt_PT\" \/>\n<meta property=\"article:modified_time\" content=\"2026-04-27T15:54:09+00:00\" \/>\n<meta property=\"og:image\" content=\"https:\/\/mlw.pt\/wp-content\/uploads\/2021\/03\/selvagem-2.jpg\" \/>\n\t<meta property=\"og:image:width\" content=\"1028\" \/>\n\t<meta property=\"og:image:height\" content=\"1654\" \/>\n\t<meta property=\"og:image:type\" content=\"image\/jpeg\" \/>\n<meta name=\"twitter:card\" content=\"summary_large_image\" \/>\n<meta name=\"twitter:label1\" content=\"Estimated reading time\" \/>\n\t<meta name=\"twitter:data1\" content=\"1 minute\" \/>\n<script type=\"application\/ld+json\" class=\"yoast-schema-graph\">{\"@context\":\"https:\\\/\\\/schema.org\",\"@graph\":[{\"@type\":\"WebPage\",\"@id\":\"https:\\\/\\\/mlw.pt\\\/produto\\\/pequenos-rebentos-selvagem-2021\\\/\",\"url\":\"https:\\\/\\\/mlw.pt\\\/produto\\\/pequenos-rebentos-selvagem-2021\\\/\",\"name\":\"Pequenos Rebentos Selvagem 2022 - M\u00e1rcio Lopes Winemaker\",\"isPartOf\":{\"@id\":\"https:\\\/\\\/mlw.pt\\\/#website\"},\"primaryImageOfPage\":{\"@id\":\"https:\\\/\\\/mlw.pt\\\/produto\\\/pequenos-rebentos-selvagem-2021\\\/#primaryimage\"},\"image\":{\"@id\":\"https:\\\/\\\/mlw.pt\\\/produto\\\/pequenos-rebentos-selvagem-2021\\\/#primaryimage\"},\"thumbnailUrl\":\"https:\\\/\\\/mlw.pt\\\/wp-content\\\/uploads\\\/2021\\\/03\\\/selvagem-2.jpg\",\"datePublished\":\"2021-03-21T12:05:23+00:00\",\"dateModified\":\"2026-04-27T15:54:09+00:00\",\"description\":\"De um sistema de viticultura que cresce pelas \u00e1rvores e que chega quase aos 7 metros de altura, resulta este vinho.\",\"breadcrumb\":{\"@id\":\"https:\\\/\\\/mlw.pt\\\/produto\\\/pequenos-rebentos-selvagem-2021\\\/#breadcrumb\"},\"inLanguage\":\"en-GB\",\"potentialAction\":[{\"@type\":\"ReadAction\",\"target\":[\"https:\\\/\\\/mlw.pt\\\/produto\\\/pequenos-rebentos-selvagem-2021\\\/\"]}]},{\"@type\":\"ImageObject\",\"inLanguage\":\"en-GB\",\"@id\":\"https:\\\/\\\/mlw.pt\\\/produto\\\/pequenos-rebentos-selvagem-2021\\\/#primaryimage\",\"url\":\"https:\\\/\\\/mlw.pt\\\/wp-content\\\/uploads\\\/2021\\\/03\\\/selvagem-2.jpg\",\"contentUrl\":\"https:\\\/\\\/mlw.pt\\\/wp-content\\\/uploads\\\/2021\\\/03\\\/selvagem-2.jpg\",\"width\":1028,\"height\":1654,\"caption\":\"marcio-lopes-winemaker-douro-pequenos-rebentos-selvagem\"},{\"@type\":\"BreadcrumbList\",\"@id\":\"https:\\\/\\\/mlw.pt\\\/produto\\\/pequenos-rebentos-selvagem-2021\\\/#breadcrumb\",\"itemListElement\":[{\"@type\":\"ListItem\",\"position\":1,\"name\":\"In\u00edcio\",\"item\":\"https:\\\/\\\/mlw.pt\\\/\"},{\"@type\":\"ListItem\",\"position\":2,\"name\":\"Loja\",\"item\":\"https:\\\/\\\/mlw.pt\\\/loja\\\/\"},{\"@type\":\"ListItem\",\"position\":3,\"name\":\"Pequenos Rebentos Selvagem 2022\"}]},{\"@type\":\"WebSite\",\"@id\":\"https:\\\/\\\/mlw.pt\\\/#website\",\"url\":\"https:\\\/\\\/mlw.pt\\\/\",\"name\":\"M\u00e1rcio Lopes Winemaker\",\"description\":\"M\u00e1rcio Lopes Winemaker\",\"publisher\":{\"@id\":\"https:\\\/\\\/mlw.pt\\\/#organization\"},\"potentialAction\":[{\"@type\":\"SearchAction\",\"target\":{\"@type\":\"EntryPoint\",\"urlTemplate\":\"https:\\\/\\\/mlw.pt\\\/?s={search_term_string}\"},\"query-input\":{\"@type\":\"PropertyValueSpecification\",\"valueRequired\":true,\"valueName\":\"search_term_string\"}}],\"inLanguage\":\"en-GB\"},{\"@type\":\"Organization\",\"@id\":\"https:\\\/\\\/mlw.pt\\\/#organization\",\"name\":\"M\u00e1rcio Lopes Winemaker\",\"url\":\"https:\\\/\\\/mlw.pt\\\/\",\"logo\":{\"@type\":\"ImageObject\",\"inLanguage\":\"en-GB\",\"@id\":\"https:\\\/\\\/mlw.pt\\\/#\\\/schema\\\/logo\\\/image\\\/\",\"url\":\"https:\\\/\\\/mlw.pt\\\/wp-content\\\/uploads\\\/2025\\\/01\\\/MLW-logo.png\",\"contentUrl\":\"https:\\\/\\\/mlw.pt\\\/wp-content\\\/uploads\\\/2025\\\/01\\\/MLW-logo.png\",\"width\":495,\"height\":150,\"caption\":\"M\u00e1rcio Lopes Winemaker\"},\"image\":{\"@id\":\"https:\\\/\\\/mlw.pt\\\/#\\\/schema\\\/logo\\\/image\\\/\"},\"sameAs\":[\"https:\\\/\\\/www.facebook.com\\\/marciolopeswinemaker?locale=pt_PT\",\"https:\\\/\\\/www.instagram.com\\\/marcio.lopes.winemaker\\\/\"]}]}<\/script>\n<!-- \/ Yoast SEO plugin. -->","yoast_head_json":{"title":"Pequenos Rebentos Selvagem 2022 - M\u00e1rcio Lopes Winemaker","description":"De um sistema de viticultura que cresce pelas \u00e1rvores e que chega quase aos 7 metros de altura, resulta este vinho.","robots":{"index":"index","follow":"follow","max-snippet":"max-snippet:-1","max-image-preview":"max-image-preview:large","max-video-preview":"max-video-preview:-1"},"canonical":"https:\/\/mlw.pt\/en\/product\/pequenos-rebentos-selvagem-2021\/","og_locale":"en_GB","og_type":"article","og_title":"Pequenos Rebentos Selvagem 2022 - M\u00e1rcio Lopes Winemaker","og_description":"De um sistema de viticultura que cresce pelas \u00e1rvores e que chega quase aos 7 metros de altura, resulta este vinho.","og_url":"https:\/\/mlw.pt\/en\/product\/pequenos-rebentos-selvagem-2021\/","og_site_name":"M\u00e1rcio Lopes Winemaker","article_publisher":"https:\/\/www.facebook.com\/marciolopeswinemaker?locale=pt_PT","article_modified_time":"2026-04-27T15:54:09+00:00","og_image":[{"width":1028,"height":1654,"url":"https:\/\/mlw.pt\/wp-content\/uploads\/2021\/03\/selvagem-2.jpg","type":"image\/jpeg"}],"twitter_card":"summary_large_image","twitter_misc":{"Estimated reading time":"1 minute"},"schema":{"@context":"https:\/\/schema.org","@graph":[{"@type":"WebPage","@id":"https:\/\/mlw.pt\/produto\/pequenos-rebentos-selvagem-2021\/","url":"https:\/\/mlw.pt\/produto\/pequenos-rebentos-selvagem-2021\/","name":"Pequenos Rebentos Selvagem 2022 - M\u00e1rcio Lopes Winemaker","isPartOf":{"@id":"https:\/\/mlw.pt\/#website"},"primaryImageOfPage":{"@id":"https:\/\/mlw.pt\/produto\/pequenos-rebentos-selvagem-2021\/#primaryimage"},"image":{"@id":"https:\/\/mlw.pt\/produto\/pequenos-rebentos-selvagem-2021\/#primaryimage"},"thumbnailUrl":"https:\/\/mlw.pt\/wp-content\/uploads\/2021\/03\/selvagem-2.jpg","datePublished":"2021-03-21T12:05:23+00:00","dateModified":"2026-04-27T15:54:09+00:00","description":"De um sistema de viticultura que cresce pelas \u00e1rvores e que chega quase aos 7 metros de altura, resulta este vinho.","breadcrumb":{"@id":"https:\/\/mlw.pt\/produto\/pequenos-rebentos-selvagem-2021\/#breadcrumb"},"inLanguage":"en-GB","potentialAction":[{"@type":"ReadAction","target":["https:\/\/mlw.pt\/produto\/pequenos-rebentos-selvagem-2021\/"]}]},{"@type":"ImageObject","inLanguage":"en-GB","@id":"https:\/\/mlw.pt\/produto\/pequenos-rebentos-selvagem-2021\/#primaryimage","url":"https:\/\/mlw.pt\/wp-content\/uploads\/2021\/03\/selvagem-2.jpg","contentUrl":"https:\/\/mlw.pt\/wp-content\/uploads\/2021\/03\/selvagem-2.jpg","width":1028,"height":1654,"caption":"marcio-lopes-winemaker-douro-pequenos-rebentos-selvagem"},{"@type":"BreadcrumbList","@id":"https:\/\/mlw.pt\/produto\/pequenos-rebentos-selvagem-2021\/#breadcrumb","itemListElement":[{"@type":"ListItem","position":1,"name":"In\u00edcio","item":"https:\/\/mlw.pt\/"},{"@type":"ListItem","position":2,"name":"Loja","item":"https:\/\/mlw.pt\/loja\/"},{"@type":"ListItem","position":3,"name":"Pequenos Rebentos Selvagem 2022"}]},{"@type":"WebSite","@id":"https:\/\/mlw.pt\/#website","url":"https:\/\/mlw.pt\/","name":"M\u00e1rcio Lopes Winemaker","description":"M\u00e1rcio Lopes Winemaker","publisher":{"@id":"https:\/\/mlw.pt\/#organization"},"potentialAction":[{"@type":"SearchAction","target":{"@type":"EntryPoint","urlTemplate":"https:\/\/mlw.pt\/?s={search_term_string}"},"query-input":{"@type":"PropertyValueSpecification","valueRequired":true,"valueName":"search_term_string"}}],"inLanguage":"en-GB"},{"@type":"Organization","@id":"https:\/\/mlw.pt\/#organization","name":"M\u00e1rcio Lopes Winemaker","url":"https:\/\/mlw.pt\/","logo":{"@type":"ImageObject","inLanguage":"en-GB","@id":"https:\/\/mlw.pt\/#\/schema\/logo\/image\/","url":"https:\/\/mlw.pt\/wp-content\/uploads\/2025\/01\/MLW-logo.png","contentUrl":"https:\/\/mlw.pt\/wp-content\/uploads\/2025\/01\/MLW-logo.png","width":495,"height":150,"caption":"M\u00e1rcio Lopes Winemaker"},"image":{"@id":"https:\/\/mlw.pt\/#\/schema\/logo\/image\/"},"sameAs":["https:\/\/www.facebook.com\/marciolopeswinemaker?locale=pt_PT","https:\/\/www.instagram.com\/marcio.lopes.winemaker\/"]}]}},"_links":{"self":[{"href":"https:\/\/mlw.pt\/en\/wp-json\/wp\/v2\/product\/4263","targetHints":{"allow":["GET"]}}],"collection":[{"href":"https:\/\/mlw.pt\/en\/wp-json\/wp\/v2\/product"}],"about":[{"href":"https:\/\/mlw.pt\/en\/wp-json\/wp\/v2\/types\/product"}],"replies":[{"embeddable":true,"href":"https:\/\/mlw.pt\/en\/wp-json\/wp\/v2\/comments?post=4263"}],"wp:featuredmedia":[{"embeddable":true,"href":"https:\/\/mlw.pt\/en\/wp-json\/wp\/v2\/media\/7366"}],"wp:attachment":[{"href":"https:\/\/mlw.pt\/en\/wp-json\/wp\/v2\/media?parent=4263"}],"wp:term":[{"taxonomy":"product_brand","embeddable":true,"href":"https:\/\/mlw.pt\/en\/wp-json\/wp\/v2\/product_brand?post=4263"},{"taxonomy":"product_cat","embeddable":true,"href":"https:\/\/mlw.pt\/en\/wp-json\/wp\/v2\/product_cat?post=4263"},{"taxonomy":"product_tag","embeddable":true,"href":"https:\/\/mlw.pt\/en\/wp-json\/wp\/v2\/product_tag?post=4263"}],"curies":[{"name":"wp","href":"https:\/\/api.w.org\/{rel}","templated":true}]}}