{"id":6650,"date":"2021-08-26T21:46:45","date_gmt":"2021-08-26T21:46:45","guid":{"rendered":"https:\/\/mlw.pt\/regiao-douro\/vinha-velha-do-pombal-2\/"},"modified":"2026-02-06T11:58:48","modified_gmt":"2026-02-06T11:58:48","slug":"proibido-vinha-do-pombal-tinto-2022","status":"publish","type":"page","link":"https:\/\/mlw.pt\/en\/regiao-douro\/proibido-vinha-do-pombal-tinto-2022\/","title":{"rendered":"Proibido Vinha do Pombal Tinto 2022"},"content":{"rendered":"<div class=\"vc_row wpb_row vc_row-fluid vc_row-o-content-middle vc_row-flex\" ><div class=\"wpb_column vc_column_container vc_col-sm-3\"><div class=\"vc_column-inner\"><div class=\"wpb_wrapper\">\n\t<div  class=\"wpb_single_image wpb_content_element vc_align_left\">\n\t\t\n\t\t<figure class=\"wpb_wrapper vc_figure\">\n\t\t\t<div class=\"vc_single_image-wrapper   vc_box_border_grey\"><img loading=\"lazy\" decoding=\"async\" width=\"283\" height=\"567\" src=\"https:\/\/mlw.pt\/wp-content\/uploads\/2022\/12\/pombal-transparente-low-res.png\" class=\"vc_single_image-img attachment-large\" alt=\"marcio-lopes-winemaker-proibido-vinha-velha-pombal-douro\" srcset=\"https:\/\/mlw.pt\/wp-content\/uploads\/2022\/12\/pombal-transparente-low-res.png 283w, https:\/\/mlw.pt\/wp-content\/uploads\/2022\/12\/pombal-transparente-low-res-150x300.png 150w, https:\/\/mlw.pt\/wp-content\/uploads\/2022\/12\/pombal-transparente-low-res-6x12.png 6w, https:\/\/mlw.pt\/wp-content\/uploads\/2022\/12\/pombal-transparente-low-res-64x128.png 64w\" sizes=\"auto, (max-width: 283px) 100vw, 283px\" \/><\/div>\n\t\t<\/figure>\n\t<\/div>\n<\/div><\/div><\/div><div class=\"wpb_column vc_column_container vc_col-sm-6\"><div class=\"vc_column-inner\"><div class=\"wpb_wrapper\">\n\t<div class=\"wpb_text_column wpb_content_element\" >\n\t\t<div class=\"wpb_wrapper\">\n\t\t\t<p style=\"font-size: 60px; font-weight: 100; line-height: normal; text-align: center;\">Proibido<br \/>\nVinha do Pombal<br \/>\nTinto 2022<\/p>\n\n\t\t<\/div>\n\t<\/div>\n<div class=\"vc_empty_space\"   style=\"height: 32px\"><span class=\"vc_empty_space_inner\"><\/span><\/div>\n\t<div class=\"wpb_text_column wpb_content_element\" >\n\t\t<div class=\"wpb_wrapper\">\n\t\t\t<div style=\"text-align: left;\">\n<div style=\"text-align: left;\">\n<p>3\u00aa Edi\u00e7\u00e3o. S\u00f3 \u00e9 produzido em anos excepcionais. Um ano super equilibrado, resulta num vinho que vem da nossa vinha mais velha, plantada em 1957, com mistura de castas da Quinta do Pombal, em Foz C\u00f4a.<br \/>\nDelicadeza, Frescura e Intensidade, marcam as diferen\u00e7as neste vinho.<\/p>\n<p style=\"padding-left: 40px;\">What the critics say:\n18,5 pts (0-20)_Paix\u00e3o pelo Vinho Magazine<\/p>\n<p style=\"padding-left: 40px;\"><strong>2022 &#8211; 96 pts\u00a0<\/strong>(0-100)_Wine Advocate_Robert Parker<\/p>\n<p style=\"padding-left: 40px;\"><strong>2022 &#8211; 19,5 pts <\/strong>(0-20)_Revista Paix\u00e3o pelo Vinho<\/p>\n<p style=\"padding-left: 40px;\"><strong>2022 &#8211; 19 pts <\/strong>(0-20)_Revista Grandes Escolhas<br \/>\n<strong>2020 &#8211; 94 pts <\/strong>(0-100)__Wine Advocate_Robert Parker<br \/>\n<strong>2017 &#8211; 94 pts <\/strong>(0-100)__Wine Advocate_Robert Parker<\/p>\n<\/div>\n<p style=\"text-align: center;\"><strong><a href=\"https:\/\/mlw.pt\/wp-content\/uploads\/2026\/01\/FT-Proibido-Vinha-Velha-Pombal-2022-1.pdf\" target=\"_blank\" rel=\"noopener\">DOWNLOAD THE TECHNICAL SHEET<\/a><\/strong><\/p>\n<\/div>\n\n\t\t<\/div>\n\t<\/div>\n<div class=\"vc_empty_space\"   style=\"height: 32px\"><span class=\"vc_empty_space_inner\"><\/span><\/div><a itemprop=\"url\" href=\"https:\/\/mlw.pt\/en\/product\/proibido-vinha-velha-do-pombal-2022\/\" target=\"_self\"  class=\"mkdf-btn mkdf-btn-medium mkdf-btn-outline\"  >\n    <span class=\"mkdf-btn-text\">Find this wine in our store!<\/span>\n    <\/a><div class=\"vc_empty_space\"   style=\"height: 10px\"><span class=\"vc_empty_space_inner\"><\/span><\/div><a itemprop=\"url\" href=\"https:\/\/mlw.pt\/en\/regiao-douro\/\" target=\"_self\"  class=\"mkdf-btn mkdf-btn-medium mkdf-btn-outline\"  >\n    <span class=\"mkdf-btn-text\">&lt; BACK TO DOURO REGION<\/span>\n    <\/a><div class=\"vc_empty_space\"   style=\"height: 10px\"><span class=\"vc_empty_space_inner\"><\/span><\/div><\/div><\/div><\/div><div class=\"wpb_column vc_column_container vc_col-sm-3\"><div class=\"vc_column-inner\"><div class=\"wpb_wrapper\"><div class=\"wpb_images_carousel wpb_content_element vc_clearfix\"><div class=\"wpb_wrapper\"><div id=\"vc_images-carousel-1-1775355654\" data-ride=\"vc_carousel\" data-wrap=\"true\" style=\"width: 100%;\" data-interval=\"5000\" data-auto-height=\"yes\" data-mode=\"horizontal\" data-partial=\"false\" data-per-view=\"1\" data-hide-on-end=\"false\" class=\"vc_slide vc_images_carousel\"><div class=\"vc_carousel-inner\"><div class=\"vc_carousel-slideline\"><div class=\"vc_carousel-slideline-inner\"><div class=\"vc_item\"><div class=\"vc_inner\"><img loading=\"lazy\" decoding=\"async\" width=\"565\" height=\"319\" src=\"https:\/\/mlw.pt\/wp-content\/uploads\/2022\/12\/2022-12-13-7.png\" class=\"attachment-full\" alt=\"marcio-lopes-winemaker\" srcset=\"https:\/\/mlw.pt\/wp-content\/uploads\/2022\/12\/2022-12-13-7.png 565w, https:\/\/mlw.pt\/wp-content\/uploads\/2022\/12\/2022-12-13-7-300x169.png 300w, https:\/\/mlw.pt\/wp-content\/uploads\/2022\/12\/2022-12-13-7-18x10.png 18w, https:\/\/mlw.pt\/wp-content\/uploads\/2022\/12\/2022-12-13-7-64x36.png 64w\" sizes=\"auto, (max-width: 565px) 100vw, 565px\" \/><\/div><\/div><\/div><\/div><\/div><\/div><\/div><\/div><\/div><\/div><\/div><\/div><div class=\"vc_row wpb_row vc_row-fluid\" ><div class=\"wpb_column vc_column_container vc_col-sm-12\"><div class=\"vc_column-inner\"><div class=\"wpb_wrapper\"><div class=\"vc_empty_space\"   style=\"height: 22px\"><span class=\"vc_empty_space_inner\"><\/span><\/div>\n\t<div class=\"wpb_text_column wpb_content_element\" >\n\t\t<div class=\"wpb_wrapper\">\n\t\t\t<p style=\"text-align: center;\"><strong>OTHER REGIONS<\/strong><\/p>\n\n\t\t<\/div>\n\t<\/div>\n<div class=\"vc_empty_space\"   style=\"height: 32px\"><span class=\"vc_empty_space_inner\"><\/span><\/div><\/div><\/div><\/div><\/div><div class=\"vc_row wpb_row vc_row-fluid\" ><div class=\"wpb_column vc_column_container vc_col-sm-4\"><div class=\"vc_column-inner vc_custom_1689950443186\"><div class=\"wpb_wrapper\"><a itemprop=\"url\" href=\"https:\/\/mlw.pt\/en\/regiao-moncao-e-melgaco\/\" target=\"_self\"  class=\"mkdf-btn mkdf-btn-medium mkdf-btn-solid\"  >\n    <span class=\"mkdf-btn-text\">MON\u00c7\u00c3O AND MELGA\u00c7O<\/span>\n    <\/a><\/div><\/div><\/div><div class=\"wpb_column vc_column_container vc_col-sm-4\"><div class=\"vc_column-inner vc_custom_1689950451186\"><div class=\"wpb_wrapper\"><a itemprop=\"url\" href=\"https:\/\/mlw.pt\/en\/regiao-ribeira-sacra\/\" target=\"_self\"  class=\"mkdf-btn mkdf-btn-medium mkdf-btn-solid\"  >\n    <span class=\"mkdf-btn-text\">RIBEIRA SACRA<\/span>\n    <\/a><\/div><\/div><\/div><div class=\"wpb_column vc_column_container vc_col-sm-4\"><div class=\"vc_column-inner vc_custom_1689950463907\"><div class=\"wpb_wrapper\"><a itemprop=\"url\" href=\"https:\/\/mlw.pt\/en\/doutros-tempos\/\" target=\"_self\"  class=\"mkdf-btn mkdf-btn-medium mkdf-btn-solid\"  >\n    <span class=\"mkdf-btn-text\">FROM OTHER TIMES<\/span>\n    <\/a><\/div><\/div><\/div><\/div>","protected":false},"excerpt":{"rendered":"Proibido Vinha do Pombal Tinto 2022 3\u00aa Edi\u00e7\u00e3o. S\u00f3 \u00e9 produzido em anos excepcionais. Um ano super equilibrado, resulta num vinho que vem da nossa vinha mais velha, plantada em 1957, com mistura de castas da Quinta do Pombal, em [...]","protected":false},"author":1,"featured_media":0,"parent":4498,"menu_order":0,"comment_status":"closed","ping_status":"closed","template":"","meta":{"content-type":"","footnotes":""},"class_list":["post-6650","page","type-page","status-publish","hentry"],"yoast_head":"<!-- This site is optimized with the Yoast SEO plugin v27.3 - https:\/\/yoast.com\/product\/yoast-seo-wordpress\/ -->\n<title>Proibido Vinha do Pombal Tinto 2022 - M\u00e1rcio Lopes Winemaker<\/title>\n<meta name=\"description\" content=\"3\u00aa Edi\u00e7\u00e3o. S\u00f3 \u00e9 produzido em anos excepcionais. Um ano super equilibrado, resulta num vinho que vem da nossa vinha mais velha, com mistura de castas, da Quinta do Pombal, em Foz C\u00f4a.\" \/>\n<meta name=\"robots\" content=\"index, follow, max-snippet:-1, max-image-preview:large, max-video-preview:-1\" \/>\n<link rel=\"canonical\" href=\"https:\/\/mlw.pt\/en\/regiao-douro\/proibido-vinha-do-pombal-tinto-2022\/\" \/>\n<meta property=\"og:locale\" content=\"en_GB\" \/>\n<meta property=\"og:type\" content=\"article\" \/>\n<meta property=\"og:title\" content=\"Proibido Vinha do Pombal Tinto 2022 - M\u00e1rcio Lopes Winemaker\" \/>\n<meta property=\"og:description\" content=\"3\u00aa Edi\u00e7\u00e3o. S\u00f3 \u00e9 produzido em anos excepcionais. Um ano super equilibrado, resulta num vinho que vem da nossa vinha mais velha, com mistura de castas, da Quinta do Pombal, em Foz C\u00f4a.\" \/>\n<meta property=\"og:url\" content=\"https:\/\/mlw.pt\/en\/regiao-douro\/proibido-vinha-do-pombal-tinto-2022\/\" \/>\n<meta property=\"og:site_name\" content=\"M\u00e1rcio Lopes Winemaker\" \/>\n<meta property=\"article:publisher\" content=\"https:\/\/www.facebook.com\/marciolopeswinemaker?locale=pt_PT\" \/>\n<meta property=\"article:modified_time\" content=\"2026-02-06T11:58:48+00:00\" \/>\n<meta name=\"twitter:card\" content=\"summary_large_image\" \/>\n<meta name=\"twitter:label1\" content=\"Estimated reading time\" \/>\n\t<meta name=\"twitter:data1\" content=\"2 minutes\" \/>\n<script type=\"application\/ld+json\" class=\"yoast-schema-graph\">{\"@context\":\"https:\\\/\\\/schema.org\",\"@graph\":[{\"@type\":\"WebPage\",\"@id\":\"https:\\\/\\\/mlw.pt\\\/regiao-douro\\\/proibido-vinha-do-pombal-tinto-2022\\\/\",\"url\":\"https:\\\/\\\/mlw.pt\\\/regiao-douro\\\/proibido-vinha-do-pombal-tinto-2022\\\/\",\"name\":\"Proibido Vinha do Pombal Tinto 2022 - M\u00e1rcio Lopes Winemaker\",\"isPartOf\":{\"@id\":\"https:\\\/\\\/mlw.pt\\\/#website\"},\"datePublished\":\"2021-08-26T21:46:45+00:00\",\"dateModified\":\"2026-02-06T11:58:48+00:00\",\"description\":\"3\u00aa Edi\u00e7\u00e3o. S\u00f3 \u00e9 produzido em anos excepcionais. Um ano super equilibrado, resulta num vinho que vem da nossa vinha mais velha, com mistura de castas, da Quinta do Pombal, em Foz C\u00f4a.\",\"breadcrumb\":{\"@id\":\"https:\\\/\\\/mlw.pt\\\/regiao-douro\\\/proibido-vinha-do-pombal-tinto-2022\\\/#breadcrumb\"},\"inLanguage\":\"en-GB\",\"potentialAction\":[{\"@type\":\"ReadAction\",\"target\":[\"https:\\\/\\\/mlw.pt\\\/regiao-douro\\\/proibido-vinha-do-pombal-tinto-2022\\\/\"]}]},{\"@type\":\"BreadcrumbList\",\"@id\":\"https:\\\/\\\/mlw.pt\\\/regiao-douro\\\/proibido-vinha-do-pombal-tinto-2022\\\/#breadcrumb\",\"itemListElement\":[{\"@type\":\"ListItem\",\"position\":1,\"name\":\"In\u00edcio\",\"item\":\"https:\\\/\\\/mlw.pt\\\/\"},{\"@type\":\"ListItem\",\"position\":2,\"name\":\"Regi\u00e3o Douro\",\"item\":\"https:\\\/\\\/mlw.pt\\\/regiao-douro\\\/\"},{\"@type\":\"ListItem\",\"position\":3,\"name\":\"Proibido Vinha do Pombal Tinto 2022\"}]},{\"@type\":\"WebSite\",\"@id\":\"https:\\\/\\\/mlw.pt\\\/#website\",\"url\":\"https:\\\/\\\/mlw.pt\\\/\",\"name\":\"M\u00e1rcio Lopes Winemaker\",\"description\":\"M\u00e1rcio Lopes Winemaker\",\"publisher\":{\"@id\":\"https:\\\/\\\/mlw.pt\\\/#organization\"},\"potentialAction\":[{\"@type\":\"SearchAction\",\"target\":{\"@type\":\"EntryPoint\",\"urlTemplate\":\"https:\\\/\\\/mlw.pt\\\/?s={search_term_string}\"},\"query-input\":{\"@type\":\"PropertyValueSpecification\",\"valueRequired\":true,\"valueName\":\"search_term_string\"}}],\"inLanguage\":\"en-GB\"},{\"@type\":\"Organization\",\"@id\":\"https:\\\/\\\/mlw.pt\\\/#organization\",\"name\":\"M\u00e1rcio Lopes Winemaker\",\"url\":\"https:\\\/\\\/mlw.pt\\\/\",\"logo\":{\"@type\":\"ImageObject\",\"inLanguage\":\"en-GB\",\"@id\":\"https:\\\/\\\/mlw.pt\\\/#\\\/schema\\\/logo\\\/image\\\/\",\"url\":\"https:\\\/\\\/mlw.pt\\\/wp-content\\\/uploads\\\/2025\\\/01\\\/MLW-logo.png\",\"contentUrl\":\"https:\\\/\\\/mlw.pt\\\/wp-content\\\/uploads\\\/2025\\\/01\\\/MLW-logo.png\",\"width\":495,\"height\":150,\"caption\":\"M\u00e1rcio Lopes Winemaker\"},\"image\":{\"@id\":\"https:\\\/\\\/mlw.pt\\\/#\\\/schema\\\/logo\\\/image\\\/\"},\"sameAs\":[\"https:\\\/\\\/www.facebook.com\\\/marciolopeswinemaker?locale=pt_PT\",\"https:\\\/\\\/www.instagram.com\\\/marcio.lopes.winemaker\\\/\"]}]}<\/script>\n<!-- \/ Yoast SEO plugin. -->","yoast_head_json":{"title":"Proibido Vinha do Pombal Tinto 2022 - M\u00e1rcio Lopes Winemaker","description":"3\u00aa Edi\u00e7\u00e3o. S\u00f3 \u00e9 produzido em anos excepcionais. Um ano super equilibrado, resulta num vinho que vem da nossa vinha mais velha, com mistura de castas, da Quinta do Pombal, em Foz C\u00f4a.","robots":{"index":"index","follow":"follow","max-snippet":"max-snippet:-1","max-image-preview":"max-image-preview:large","max-video-preview":"max-video-preview:-1"},"canonical":"https:\/\/mlw.pt\/en\/regiao-douro\/proibido-vinha-do-pombal-tinto-2022\/","og_locale":"en_GB","og_type":"article","og_title":"Proibido Vinha do Pombal Tinto 2022 - M\u00e1rcio Lopes Winemaker","og_description":"3\u00aa Edi\u00e7\u00e3o. S\u00f3 \u00e9 produzido em anos excepcionais. Um ano super equilibrado, resulta num vinho que vem da nossa vinha mais velha, com mistura de castas, da Quinta do Pombal, em Foz C\u00f4a.","og_url":"https:\/\/mlw.pt\/en\/regiao-douro\/proibido-vinha-do-pombal-tinto-2022\/","og_site_name":"M\u00e1rcio Lopes Winemaker","article_publisher":"https:\/\/www.facebook.com\/marciolopeswinemaker?locale=pt_PT","article_modified_time":"2026-02-06T11:58:48+00:00","twitter_card":"summary_large_image","twitter_misc":{"Estimated reading time":"2 minutes"},"schema":{"@context":"https:\/\/schema.org","@graph":[{"@type":"WebPage","@id":"https:\/\/mlw.pt\/regiao-douro\/proibido-vinha-do-pombal-tinto-2022\/","url":"https:\/\/mlw.pt\/regiao-douro\/proibido-vinha-do-pombal-tinto-2022\/","name":"Proibido Vinha do Pombal Tinto 2022 - M\u00e1rcio Lopes Winemaker","isPartOf":{"@id":"https:\/\/mlw.pt\/#website"},"datePublished":"2021-08-26T21:46:45+00:00","dateModified":"2026-02-06T11:58:48+00:00","description":"3\u00aa Edi\u00e7\u00e3o. S\u00f3 \u00e9 produzido em anos excepcionais. Um ano super equilibrado, resulta num vinho que vem da nossa vinha mais velha, com mistura de castas, da Quinta do Pombal, em Foz C\u00f4a.","breadcrumb":{"@id":"https:\/\/mlw.pt\/regiao-douro\/proibido-vinha-do-pombal-tinto-2022\/#breadcrumb"},"inLanguage":"en-GB","potentialAction":[{"@type":"ReadAction","target":["https:\/\/mlw.pt\/regiao-douro\/proibido-vinha-do-pombal-tinto-2022\/"]}]},{"@type":"BreadcrumbList","@id":"https:\/\/mlw.pt\/regiao-douro\/proibido-vinha-do-pombal-tinto-2022\/#breadcrumb","itemListElement":[{"@type":"ListItem","position":1,"name":"In\u00edcio","item":"https:\/\/mlw.pt\/"},{"@type":"ListItem","position":2,"name":"Regi\u00e3o Douro","item":"https:\/\/mlw.pt\/regiao-douro\/"},{"@type":"ListItem","position":3,"name":"Proibido Vinha do Pombal Tinto 2022"}]},{"@type":"WebSite","@id":"https:\/\/mlw.pt\/#website","url":"https:\/\/mlw.pt\/","name":"M\u00e1rcio Lopes Winemaker","description":"M\u00e1rcio Lopes Winemaker","publisher":{"@id":"https:\/\/mlw.pt\/#organization"},"potentialAction":[{"@type":"SearchAction","target":{"@type":"EntryPoint","urlTemplate":"https:\/\/mlw.pt\/?s={search_term_string}"},"query-input":{"@type":"PropertyValueSpecification","valueRequired":true,"valueName":"search_term_string"}}],"inLanguage":"en-GB"},{"@type":"Organization","@id":"https:\/\/mlw.pt\/#organization","name":"M\u00e1rcio Lopes Winemaker","url":"https:\/\/mlw.pt\/","logo":{"@type":"ImageObject","inLanguage":"en-GB","@id":"https:\/\/mlw.pt\/#\/schema\/logo\/image\/","url":"https:\/\/mlw.pt\/wp-content\/uploads\/2025\/01\/MLW-logo.png","contentUrl":"https:\/\/mlw.pt\/wp-content\/uploads\/2025\/01\/MLW-logo.png","width":495,"height":150,"caption":"M\u00e1rcio Lopes Winemaker"},"image":{"@id":"https:\/\/mlw.pt\/#\/schema\/logo\/image\/"},"sameAs":["https:\/\/www.facebook.com\/marciolopeswinemaker?locale=pt_PT","https:\/\/www.instagram.com\/marcio.lopes.winemaker\/"]}]}},"_links":{"self":[{"href":"https:\/\/mlw.pt\/en\/wp-json\/wp\/v2\/pages\/6650","targetHints":{"allow":["GET"]}}],"collection":[{"href":"https:\/\/mlw.pt\/en\/wp-json\/wp\/v2\/pages"}],"about":[{"href":"https:\/\/mlw.pt\/en\/wp-json\/wp\/v2\/types\/page"}],"author":[{"embeddable":true,"href":"https:\/\/mlw.pt\/en\/wp-json\/wp\/v2\/users\/1"}],"replies":[{"embeddable":true,"href":"https:\/\/mlw.pt\/en\/wp-json\/wp\/v2\/comments?post=6650"}],"version-history":[{"count":36,"href":"https:\/\/mlw.pt\/en\/wp-json\/wp\/v2\/pages\/6650\/revisions"}],"predecessor-version":[{"id":9772,"href":"https:\/\/mlw.pt\/en\/wp-json\/wp\/v2\/pages\/6650\/revisions\/9772"}],"up":[{"embeddable":true,"href":"https:\/\/mlw.pt\/en\/wp-json\/wp\/v2\/pages\/4498"}],"wp:attachment":[{"href":"https:\/\/mlw.pt\/en\/wp-json\/wp\/v2\/media?parent=6650"}],"curies":[{"name":"wp","href":"https:\/\/api.w.org\/{rel}","templated":true}]}}